{"id":3,"date":"2025-04-01T09:58:35","date_gmt":"2025-04-01T09:58:35","guid":{"rendered":"https:\/\/ideasforge.io\/?page_id=3"},"modified":"2025-04-14T16:31:07","modified_gmt":"2025-04-14T16:31:07","slug":"politica-privacidad","status":"publish","type":"page","link":"https:\/\/ideasforge.io\/en\/politica-privacidad\/","title":{"rendered":"Privacy policy"},"content":{"rendered":"<div data-elementor-type=\"wp-page\" data-elementor-id=\"3\" class=\"elementor elementor-3\" data-elementor-post-type=\"page\">\n\t\t\t\t<div class=\"elementor-element elementor-element-243ed292 e-flex e-con-boxed e-con e-parent\" data-id=\"243ed292\" data-element_type=\"container\" data-e-type=\"container\">\n\t\t\t\t\t<div class=\"e-con-inner\">\n\t\t\t\t<div class=\"elementor-element elementor-element-380d375 elementor-widget elementor-widget-spacer\" data-id=\"380d375\" data-element_type=\"widget\" data-e-type=\"widget\" data-widget_type=\"spacer.default\">\n\t\t\t\t<div class=\"elementor-widget-container\">\n\t\t\t\t\t\t\t<div class=\"elementor-spacer\">\n\t\t\t<div class=\"elementor-spacer-inner\"><\/div>\n\t\t<\/div>\n\t\t\t\t\t\t<\/div>\n\t\t\t\t<\/div>\n\t\t\t\t<div class=\"elementor-element elementor-element-3f813a4 elementor-widget elementor-widget-heading\" data-id=\"3f813a4\" data-element_type=\"widget\" data-e-type=\"widget\" data-widget_type=\"heading.default\">\n\t\t\t\t<div class=\"elementor-widget-container\">\n\t\t\t\t\t<h1 class=\"elementor-heading-title elementor-size-default\">Privacy policy<\/h1>\t\t\t\t<\/div>\n\t\t\t\t<\/div>\n\t\t\t\t<div class=\"elementor-element elementor-element-17592710 elementor-widget elementor-widget-text-editor\" data-id=\"17592710\" data-element_type=\"widget\" data-e-type=\"widget\" data-widget_type=\"text-editor.default\">\n\t\t\t\t<div class=\"elementor-widget-container\">\n\t\t\t\t\t\t\t\t\t<p class=\"mb-4 text-gray-700\">En\u00a0<strong>Ideasforge<\/strong>, estamos comprometidos a proteger tu privacidad. Esta Pol\u00edtica de Privacidad describe c\u00f3mo se recopila, utiliza y protege tu informaci\u00f3n personal cuando interact\u00faas con nuestro sitio web y servicios.<\/p>\n<h3 class=\"text-2xl font-bold mb-4 mt-8\">1. Informaci\u00f3n que Recopilamos<\/h3>\n<p class=\"mb-4 text-gray-700\">Recopilamos informaci\u00f3n personal que nos proporcionas voluntariamente cuando utilizas nuestro sitio web, como:<\/p>\n<ul class=\"list-disc pl-6 mb-4 text-gray-700\">\n<li>Tu nombre<\/li>\n<li>Direcci\u00f3n de correo electr\u00f3nico<\/li>\n<li>Mensajes o consultas que env\u00edes a trav\u00e9s de nuestro formulario de contacto<\/li>\n<li>Otra informaci\u00f3n que decidas proporcionar<\/li>\n<\/ul>\n<h3 class=\"text-2xl font-bold mb-4 mt-8\">2. C\u00f3mo Utilizamos tu Informaci\u00f3n<\/h3>\n<p class=\"mb-4 text-gray-700\">Podemos usar la informaci\u00f3n que recopilamos para los siguientes prop\u00f3sitos:<\/p>\n<ul class=\"list-disc pl-6 mb-4 text-gray-700\">\n<li>Para proporcionar, operar y mantener nuestro sitio web y servicios<\/li>\n<li>Para responder a tus consultas y solicitudes<\/li>\n<li>Para mejorar nuestros servicios, caracter\u00edsticas y experiencia de usuario<\/li>\n<li>Para enviarte informaci\u00f3n y actualizaciones relacionadas con nuestros servicios (solo si decides suscribirte)<\/li>\n<li>Para cumplir con obligaciones legales<\/li>\n<\/ul>\n<h3 class=\"text-2xl font-bold mb-4 mt-8\">3. Compartir Informaci\u00f3n<\/h3>\n<p class=\"mb-4 text-gray-700\">No compartimos tu informaci\u00f3n personal con terceros, excepto en los siguientes casos:<\/p>\n<ul class=\"list-disc pl-6 mb-4 text-gray-700\">\n<li>Cuando lo exija la ley o en respuesta a solicitudes legales<\/li>\n<li>Para hacer cumplir nuestros t\u00e9rminos y pol\u00edticas o proteger nuestros derechos<\/li>\n<li>Con tu consentimiento expl\u00edcito<\/li>\n<\/ul>\n<h3 class=\"text-2xl font-bold mb-4 mt-8\">4. Seguridad de tu Informaci\u00f3n<\/h3>\n<p class=\"mb-4 text-gray-700\">Tomamos precauciones razonables para proteger tu informaci\u00f3n personal. Sin embargo, ten en cuenta que ning\u00fan m\u00e9todo de transmisi\u00f3n por Internet es 100% seguro, y no podemos garantizar una seguridad absoluta.<\/p>\n<h3 class=\"text-2xl font-bold mb-4 mt-8\">6. Cambios en Esta Pol\u00edtica de Privacidad<\/h3>\n<p class=\"mb-4 text-gray-700\">Podemos actualizar esta Pol\u00edtica de Privacidad peri\u00f3dicamente para reflejar cambios en nuestras pr\u00e1cticas o en las obligaciones legales. Cuando realicemos cambios, revisaremos la fecha en la parte superior de esta pol\u00edtica. Revisa esta pol\u00edtica peri\u00f3dicamente para mantenerte informado sobre c\u00f3mo protegemos tu informaci\u00f3n.<\/p>\t\t\t\t\t\t\t\t<\/div>\n\t\t\t\t<\/div>\n\t\t\t\t<div class=\"elementor-element elementor-element-e0e299f elementor-widget elementor-widget-spacer\" data-id=\"e0e299f\" data-element_type=\"widget\" data-e-type=\"widget\" data-widget_type=\"spacer.default\">\n\t\t\t\t<div class=\"elementor-widget-container\">\n\t\t\t\t\t\t\t<div class=\"elementor-spacer\">\n\t\t\t<div class=\"elementor-spacer-inner\"><\/div>\n\t\t<\/div>\n\t\t\t\t\t\t<\/div>\n\t\t\t\t<\/div>\n\t\t\t\t\t<\/div>\n\t\t\t\t<\/div>\n\t\t\t\t<\/div>","protected":false},"excerpt":{"rendered":"<p>Pol\u00edtica de Privacidad En\u00a0Ideasforge, estamos comprometidos a proteger tu privacidad. Esta Pol\u00edtica de Privacidad describe c\u00f3mo se recopila, utiliza y protege tu informaci\u00f3n personal cuando interact\u00faas con nuestro sitio web y servicios. 1. Informaci\u00f3n que Recopilamos Recopilamos informaci\u00f3n personal que nos proporcionas voluntariamente cuando utilizas nuestro sitio web, como: Tu nombre Direcci\u00f3n de correo electr\u00f3nico [&hellip;]<\/p>\n","protected":false},"author":1,"featured_media":0,"parent":0,"menu_order":0,"comment_status":"closed","ping_status":"open","template":"elementor_header_footer","meta":{"_acf_changed":false,"footnotes":""},"class_list":["post-3","page","type-page","status-publish","hentry"],"acf":[],"yoast_head":"<!-- This site is optimized with the Yoast SEO plugin v27.4 - https:\/\/yoast.com\/product\/yoast-seo-wordpress\/ -->\n<title>Pol\u00edtica de Privacidad - Ideasforge<\/title>\n<meta name=\"robots\" content=\"index, follow, max-snippet:-1, max-image-preview:large, max-video-preview:-1\" \/>\n<link rel=\"canonical\" href=\"https:\/\/ideasforge.io\/en\/politica-privacidad\/\" \/>\n<meta property=\"og:locale\" content=\"en_US\" \/>\n<meta property=\"og:type\" content=\"article\" \/>\n<meta property=\"og:title\" content=\"Pol\u00edtica de Privacidad - Ideasforge\" \/>\n<meta property=\"og:description\" content=\"Pol\u00edtica de Privacidad En\u00a0Ideasforge, estamos comprometidos a proteger tu privacidad. Esta Pol\u00edtica de Privacidad describe c\u00f3mo se recopila, utiliza y protege tu informaci\u00f3n personal cuando interact\u00faas con nuestro sitio web y servicios. 1. Informaci\u00f3n que Recopilamos Recopilamos informaci\u00f3n personal que nos proporcionas voluntariamente cuando utilizas nuestro sitio web, como: Tu nombre Direcci\u00f3n de correo electr\u00f3nico [&hellip;]\" \/>\n<meta property=\"og:url\" content=\"https:\/\/ideasforge.io\/en\/politica-privacidad\/\" \/>\n<meta property=\"og:site_name\" content=\"Ideasforge\" \/>\n<meta property=\"article:modified_time\" content=\"2025-04-14T16:31:07+00:00\" \/>\n<meta name=\"twitter:card\" content=\"summary_large_image\" \/>\n<meta name=\"twitter:label1\" content=\"Est. reading time\" \/>\n\t<meta name=\"twitter:data1\" content=\"2 minutes\" \/>\n<script type=\"application\/ld+json\" class=\"yoast-schema-graph\">{\"@context\":\"https:\\\/\\\/schema.org\",\"@graph\":[{\"@type\":\"WebPage\",\"@id\":\"https:\\\/\\\/ideasforge.io\\\/politica-privacidad\\\/\",\"url\":\"https:\\\/\\\/ideasforge.io\\\/politica-privacidad\\\/\",\"name\":\"Pol\u00edtica de Privacidad - Ideasforge\",\"isPartOf\":{\"@id\":\"https:\\\/\\\/ideasforge.io\\\/#website\"},\"datePublished\":\"2025-04-01T09:58:35+00:00\",\"dateModified\":\"2025-04-14T16:31:07+00:00\",\"breadcrumb\":{\"@id\":\"https:\\\/\\\/ideasforge.io\\\/politica-privacidad\\\/#breadcrumb\"},\"inLanguage\":\"en-US\",\"potentialAction\":[{\"@type\":\"ReadAction\",\"target\":[\"https:\\\/\\\/ideasforge.io\\\/politica-privacidad\\\/\"]}]},{\"@type\":\"BreadcrumbList\",\"@id\":\"https:\\\/\\\/ideasforge.io\\\/politica-privacidad\\\/#breadcrumb\",\"itemListElement\":[{\"@type\":\"ListItem\",\"position\":1,\"name\":\"Portada\",\"item\":\"https:\\\/\\\/ideasforge.io\\\/\"},{\"@type\":\"ListItem\",\"position\":2,\"name\":\"Pol\u00edtica de Privacidad\"}]},{\"@type\":\"WebSite\",\"@id\":\"https:\\\/\\\/ideasforge.io\\\/#website\",\"url\":\"https:\\\/\\\/ideasforge.io\\\/\",\"name\":\"Ideasforge\",\"description\":\"Soluciones de IA generativa para empresas\",\"potentialAction\":[{\"@type\":\"SearchAction\",\"target\":{\"@type\":\"EntryPoint\",\"urlTemplate\":\"https:\\\/\\\/ideasforge.io\\\/?s={search_term_string}\"},\"query-input\":{\"@type\":\"PropertyValueSpecification\",\"valueRequired\":true,\"valueName\":\"search_term_string\"}}],\"inLanguage\":\"en-US\"}]}<\/script>\n<!-- \/ Yoast SEO plugin. -->","yoast_head_json":{"title":"Pol\u00edtica de Privacidad - Ideasforge","robots":{"index":"index","follow":"follow","max-snippet":"max-snippet:-1","max-image-preview":"max-image-preview:large","max-video-preview":"max-video-preview:-1"},"canonical":"https:\/\/ideasforge.io\/en\/politica-privacidad\/","og_locale":"en_US","og_type":"article","og_title":"Pol\u00edtica de Privacidad - Ideasforge","og_description":"Pol\u00edtica de Privacidad En\u00a0Ideasforge, estamos comprometidos a proteger tu privacidad. Esta Pol\u00edtica de Privacidad describe c\u00f3mo se recopila, utiliza y protege tu informaci\u00f3n personal cuando interact\u00faas con nuestro sitio web y servicios. 1. Informaci\u00f3n que Recopilamos Recopilamos informaci\u00f3n personal que nos proporcionas voluntariamente cuando utilizas nuestro sitio web, como: Tu nombre Direcci\u00f3n de correo electr\u00f3nico [&hellip;]","og_url":"https:\/\/ideasforge.io\/en\/politica-privacidad\/","og_site_name":"Ideasforge","article_modified_time":"2025-04-14T16:31:07+00:00","twitter_card":"summary_large_image","twitter_misc":{"Est. reading time":"2 minutes"},"schema":{"@context":"https:\/\/schema.org","@graph":[{"@type":"WebPage","@id":"https:\/\/ideasforge.io\/politica-privacidad\/","url":"https:\/\/ideasforge.io\/politica-privacidad\/","name":"Pol\u00edtica de Privacidad - Ideasforge","isPartOf":{"@id":"https:\/\/ideasforge.io\/#website"},"datePublished":"2025-04-01T09:58:35+00:00","dateModified":"2025-04-14T16:31:07+00:00","breadcrumb":{"@id":"https:\/\/ideasforge.io\/politica-privacidad\/#breadcrumb"},"inLanguage":"en-US","potentialAction":[{"@type":"ReadAction","target":["https:\/\/ideasforge.io\/politica-privacidad\/"]}]},{"@type":"BreadcrumbList","@id":"https:\/\/ideasforge.io\/politica-privacidad\/#breadcrumb","itemListElement":[{"@type":"ListItem","position":1,"name":"Portada","item":"https:\/\/ideasforge.io\/"},{"@type":"ListItem","position":2,"name":"Pol\u00edtica de Privacidad"}]},{"@type":"WebSite","@id":"https:\/\/ideasforge.io\/#website","url":"https:\/\/ideasforge.io\/","name":"Ideasforge","description":"Generative AI solutions for businesses","potentialAction":[{"@type":"SearchAction","target":{"@type":"EntryPoint","urlTemplate":"https:\/\/ideasforge.io\/?s={search_term_string}"},"query-input":{"@type":"PropertyValueSpecification","valueRequired":true,"valueName":"search_term_string"}}],"inLanguage":"en-US"}]}},"_links":{"self":[{"href":"https:\/\/ideasforge.io\/en\/wp-json\/wp\/v2\/pages\/3","targetHints":{"allow":["GET"]}}],"collection":[{"href":"https:\/\/ideasforge.io\/en\/wp-json\/wp\/v2\/pages"}],"about":[{"href":"https:\/\/ideasforge.io\/en\/wp-json\/wp\/v2\/types\/page"}],"author":[{"embeddable":true,"href":"https:\/\/ideasforge.io\/en\/wp-json\/wp\/v2\/users\/1"}],"replies":[{"embeddable":true,"href":"https:\/\/ideasforge.io\/en\/wp-json\/wp\/v2\/comments?post=3"}],"version-history":[{"count":4,"href":"https:\/\/ideasforge.io\/en\/wp-json\/wp\/v2\/pages\/3\/revisions"}],"predecessor-version":[{"id":194,"href":"https:\/\/ideasforge.io\/en\/wp-json\/wp\/v2\/pages\/3\/revisions\/194"}],"wp:attachment":[{"href":"https:\/\/ideasforge.io\/en\/wp-json\/wp\/v2\/media?parent=3"}],"curies":[{"name":"wp","href":"https:\/\/api.w.org\/{rel}","templated":true}]}}