{"id":189,"date":"2025-04-14T16:31:23","date_gmt":"2025-04-14T16:31:23","guid":{"rendered":"https:\/\/ideasforge.io\/?page_id=189"},"modified":"2025-04-14T16:33:10","modified_gmt":"2025-04-14T16:33:10","slug":"politica-cookies","status":"publish","type":"page","link":"https:\/\/ideasforge.io\/en\/politica-cookies\/","title":{"rendered":"Cookies policy"},"content":{"rendered":"<div data-elementor-type=\"wp-page\" data-elementor-id=\"189\" class=\"elementor elementor-189\" data-elementor-post-type=\"page\">\n\t\t\t\t<div class=\"elementor-element elementor-element-4105d83 e-flex e-con-boxed e-con e-parent\" data-id=\"4105d83\" data-element_type=\"container\" data-e-type=\"container\">\n\t\t\t\t\t<div class=\"e-con-inner\">\n\t\t\t\t<div class=\"elementor-element elementor-element-26badb9 elementor-widget elementor-widget-spacer\" data-id=\"26badb9\" data-element_type=\"widget\" data-e-type=\"widget\" data-widget_type=\"spacer.default\">\n\t\t\t\t<div class=\"elementor-widget-container\">\n\t\t\t\t\t\t\t<div class=\"elementor-spacer\">\n\t\t\t<div class=\"elementor-spacer-inner\"><\/div>\n\t\t<\/div>\n\t\t\t\t\t\t<\/div>\n\t\t\t\t<\/div>\n\t\t\t\t<div class=\"elementor-element elementor-element-68bbfa1 elementor-widget elementor-widget-heading\" data-id=\"68bbfa1\" data-element_type=\"widget\" data-e-type=\"widget\" data-widget_type=\"heading.default\">\n\t\t\t\t<div class=\"elementor-widget-container\">\n\t\t\t\t\t<h1 class=\"elementor-heading-title elementor-size-default\">Cookies policy<\/h1>\t\t\t\t<\/div>\n\t\t\t\t<\/div>\n\t\t\t\t<div class=\"elementor-element elementor-element-548bc83 elementor-widget elementor-widget-text-editor\" data-id=\"548bc83\" data-element_type=\"widget\" data-e-type=\"widget\" data-widget_type=\"text-editor.default\">\n\t\t\t\t<div class=\"elementor-widget-container\">\n\t\t\t\t\t\t\t\t\t<p class=\"mb-4 text-gray-700\">Esta Pol\u00edtica de Cookies explica c\u00f3mo\u00a0<strong>Ideasforge<\/strong>\u00a0utiliza cookies y tecnolog\u00edas similares para reconocerte cuando visitas nuestro sitio web. Explica qu\u00e9 son estas tecnolog\u00edas, por qu\u00e9 las utilizamos y tus derechos para controlar su uso.<\/p><h2 class=\"text-2xl font-bold mb-4 mt-8\">1. \u00bfQu\u00e9 son las Cookies?<\/h2><p class=\"mb-4 text-gray-700\">Las cookies son peque\u00f1os archivos de datos que se colocan en tu dispositivo cuando visitas un sitio web. Las cookies son ampliamente utilizadas por los propietarios de sitios web para hacer que sus sitios web funcionen, o para que funcionen de manera m\u00e1s eficiente, as\u00ed como para proporcionar informaci\u00f3n de informes.<\/p><h2 class=\"text-2xl font-bold mb-4 mt-8\">2. Cookies que Utilizamos<\/h2><p class=\"mb-4 text-gray-700\">Utilizamos tanto cookies propias como de terceros en nuestro sitio web. Las cookies establecidas por nosotros se llaman &#8216;cookies propias.&#8217; Las cookies establecidas por terceros, como Google, se llaman &#8216;cookies de terceros.&#8217; Estas cookies de terceros permiten que se proporcionen funciones o caracter\u00edsticas (como an\u00e1lisis y publicidad) en o a trav\u00e9s de nuestro sitio web.<\/p><p class=\"text-xl font-bold mb-4 mt-6\"><strong>Utilizamos Google Analytics para recopilar informaci\u00f3n sobre c\u00f3mo los visitantes usan nuestro sitio. Estas cookies rastrean cosas como c\u00f3mo llegaste al sitio, con qu\u00e9 frecuencia lo visitas y qu\u00e9 p\u00e1ginas visitas m\u00e1s. Esta informaci\u00f3n nos ayuda a comprender c\u00f3mo podemos mejorar el sitio web para nuestros usuarios.<\/strong><span style=\"font-size: 1rem;\">\u00a0<\/span><a class=\"text-blue-500 underline\" style=\"background-color: #ffffff; font-size: 1rem;\" href=\"https:\/\/policies.google.com\/technologies\/partner-sites\" target=\"_blank\" rel=\"noopener noreferrer\">Pol\u00edtica de Privacidad y T\u00e9rminos<\/a><span style=\"font-size: 1rem;\">.<\/span><\/p><h2 class=\"text-2xl font-bold mb-4 mt-8\">3. Tus Opciones sobre las Cookies<\/h2><p class=\"mb-4 text-gray-700\">Tienes derecho a decidir si aceptas o rechazas las cookies. Puedes ejercer tus preferencias sobre cookies ajustando la configuraci\u00f3n en tu navegador. Si eliges rechazar las cookies, a\u00fan puedes usar nuestro sitio web, pero tu acceso a algunas funcionalidades y \u00e1reas del sitio puede estar restringido.<\/p><h2 class=\"text-2xl font-bold mb-4 mt-8\">4. Cambios a Esta Pol\u00edtica de Cookies<\/h2><p class=\"mb-4 text-gray-700\">Podemos actualizar esta Pol\u00edtica de Cookies peri\u00f3dicamente para reflejar cambios en nuestras pr\u00e1cticas o por otras razones operativas, legales o reglamentarias. Revisa esta pol\u00edtica peri\u00f3dicamente para mantenerte informado sobre c\u00f3mo estamos utilizando las cookies.<\/p><h2 class=\"text-2xl font-bold mb-4 mt-8\">5. Cont\u00e1ctanos<\/h2><p class=\"mb-4 text-gray-700\">Si tienes alguna pregunta sobre el uso de cookies o de otras tecnolog\u00edas, por favor cont\u00e1ctanos en:<\/p><p class=\"text-gray-700\"><strong>Ideasforge<\/strong><br \/>Sitio web:\u00a0<a class=\"text-blue-500 underline\" href=\"https:\/\/ideasforge.io\/en\/\">www.ideasforge.io<\/a><\/p>\t\t\t\t\t\t\t\t<\/div>\n\t\t\t\t<\/div>\n\t\t\t\t<div class=\"elementor-element elementor-element-09d0186 elementor-widget elementor-widget-spacer\" data-id=\"09d0186\" data-element_type=\"widget\" data-e-type=\"widget\" data-widget_type=\"spacer.default\">\n\t\t\t\t<div class=\"elementor-widget-container\">\n\t\t\t\t\t\t\t<div class=\"elementor-spacer\">\n\t\t\t<div class=\"elementor-spacer-inner\"><\/div>\n\t\t<\/div>\n\t\t\t\t\t\t<\/div>\n\t\t\t\t<\/div>\n\t\t\t\t\t<\/div>\n\t\t\t\t<\/div>\n\t\t\t\t<\/div>","protected":false},"excerpt":{"rendered":"<p>Pol\u00edtica de Cookies Esta Pol\u00edtica de Cookies explica c\u00f3mo\u00a0Ideasforge\u00a0utiliza cookies y tecnolog\u00edas similares para reconocerte cuando visitas nuestro sitio web. Explica qu\u00e9 son estas tecnolog\u00edas, por qu\u00e9 las utilizamos y tus derechos para controlar su uso. 1. \u00bfQu\u00e9 son las Cookies? Las cookies son peque\u00f1os archivos de datos que se colocan en tu dispositivo cuando [&hellip;]<\/p>\n","protected":false},"author":1,"featured_media":0,"parent":0,"menu_order":0,"comment_status":"closed","ping_status":"closed","template":"elementor_header_footer","meta":{"_acf_changed":false,"footnotes":""},"class_list":["post-189","page","type-page","status-publish","hentry"],"acf":[],"yoast_head":"<!-- This site is optimized with the Yoast SEO plugin v27.4 - https:\/\/yoast.com\/product\/yoast-seo-wordpress\/ -->\n<title>Pol\u00edtica de Cookies - Ideasforge<\/title>\n<meta name=\"robots\" content=\"index, follow, max-snippet:-1, max-image-preview:large, max-video-preview:-1\" \/>\n<link rel=\"canonical\" href=\"https:\/\/ideasforge.io\/en\/politica-cookies\/\" \/>\n<meta property=\"og:locale\" content=\"en_US\" \/>\n<meta property=\"og:type\" content=\"article\" \/>\n<meta property=\"og:title\" content=\"Pol\u00edtica de Cookies - Ideasforge\" \/>\n<meta property=\"og:description\" content=\"Pol\u00edtica de Cookies Esta Pol\u00edtica de Cookies explica c\u00f3mo\u00a0Ideasforge\u00a0utiliza cookies y tecnolog\u00edas similares para reconocerte cuando visitas nuestro sitio web. Explica qu\u00e9 son estas tecnolog\u00edas, por qu\u00e9 las utilizamos y tus derechos para controlar su uso. 1. \u00bfQu\u00e9 son las Cookies? Las cookies son peque\u00f1os archivos de datos que se colocan en tu dispositivo cuando [&hellip;]\" \/>\n<meta property=\"og:url\" content=\"https:\/\/ideasforge.io\/en\/politica-cookies\/\" \/>\n<meta property=\"og:site_name\" content=\"Ideasforge\" \/>\n<meta property=\"article:modified_time\" content=\"2025-04-14T16:33:10+00:00\" \/>\n<meta name=\"twitter:card\" content=\"summary_large_image\" \/>\n<meta name=\"twitter:label1\" content=\"Est. reading time\" \/>\n\t<meta name=\"twitter:data1\" content=\"2 minutes\" \/>\n<script type=\"application\/ld+json\" class=\"yoast-schema-graph\">{\"@context\":\"https:\\\/\\\/schema.org\",\"@graph\":[{\"@type\":\"WebPage\",\"@id\":\"https:\\\/\\\/ideasforge.io\\\/politica-cookies\\\/\",\"url\":\"https:\\\/\\\/ideasforge.io\\\/politica-cookies\\\/\",\"name\":\"Pol\u00edtica de Cookies - Ideasforge\",\"isPartOf\":{\"@id\":\"https:\\\/\\\/ideasforge.io\\\/#website\"},\"datePublished\":\"2025-04-14T16:31:23+00:00\",\"dateModified\":\"2025-04-14T16:33:10+00:00\",\"breadcrumb\":{\"@id\":\"https:\\\/\\\/ideasforge.io\\\/politica-cookies\\\/#breadcrumb\"},\"inLanguage\":\"en-US\",\"potentialAction\":[{\"@type\":\"ReadAction\",\"target\":[\"https:\\\/\\\/ideasforge.io\\\/politica-cookies\\\/\"]}]},{\"@type\":\"BreadcrumbList\",\"@id\":\"https:\\\/\\\/ideasforge.io\\\/politica-cookies\\\/#breadcrumb\",\"itemListElement\":[{\"@type\":\"ListItem\",\"position\":1,\"name\":\"Portada\",\"item\":\"https:\\\/\\\/ideasforge.io\\\/\"},{\"@type\":\"ListItem\",\"position\":2,\"name\":\"Pol\u00edtica de Cookies\"}]},{\"@type\":\"WebSite\",\"@id\":\"https:\\\/\\\/ideasforge.io\\\/#website\",\"url\":\"https:\\\/\\\/ideasforge.io\\\/\",\"name\":\"Ideasforge\",\"description\":\"Soluciones de IA generativa para empresas\",\"potentialAction\":[{\"@type\":\"SearchAction\",\"target\":{\"@type\":\"EntryPoint\",\"urlTemplate\":\"https:\\\/\\\/ideasforge.io\\\/?s={search_term_string}\"},\"query-input\":{\"@type\":\"PropertyValueSpecification\",\"valueRequired\":true,\"valueName\":\"search_term_string\"}}],\"inLanguage\":\"en-US\"}]}<\/script>\n<!-- \/ Yoast SEO plugin. -->","yoast_head_json":{"title":"Pol\u00edtica de Cookies - Ideasforge","robots":{"index":"index","follow":"follow","max-snippet":"max-snippet:-1","max-image-preview":"max-image-preview:large","max-video-preview":"max-video-preview:-1"},"canonical":"https:\/\/ideasforge.io\/en\/politica-cookies\/","og_locale":"en_US","og_type":"article","og_title":"Pol\u00edtica de Cookies - Ideasforge","og_description":"Pol\u00edtica de Cookies Esta Pol\u00edtica de Cookies explica c\u00f3mo\u00a0Ideasforge\u00a0utiliza cookies y tecnolog\u00edas similares para reconocerte cuando visitas nuestro sitio web. Explica qu\u00e9 son estas tecnolog\u00edas, por qu\u00e9 las utilizamos y tus derechos para controlar su uso. 1. \u00bfQu\u00e9 son las Cookies? Las cookies son peque\u00f1os archivos de datos que se colocan en tu dispositivo cuando [&hellip;]","og_url":"https:\/\/ideasforge.io\/en\/politica-cookies\/","og_site_name":"Ideasforge","article_modified_time":"2025-04-14T16:33:10+00:00","twitter_card":"summary_large_image","twitter_misc":{"Est. reading time":"2 minutes"},"schema":{"@context":"https:\/\/schema.org","@graph":[{"@type":"WebPage","@id":"https:\/\/ideasforge.io\/politica-cookies\/","url":"https:\/\/ideasforge.io\/politica-cookies\/","name":"Pol\u00edtica de Cookies - Ideasforge","isPartOf":{"@id":"https:\/\/ideasforge.io\/#website"},"datePublished":"2025-04-14T16:31:23+00:00","dateModified":"2025-04-14T16:33:10+00:00","breadcrumb":{"@id":"https:\/\/ideasforge.io\/politica-cookies\/#breadcrumb"},"inLanguage":"en-US","potentialAction":[{"@type":"ReadAction","target":["https:\/\/ideasforge.io\/politica-cookies\/"]}]},{"@type":"BreadcrumbList","@id":"https:\/\/ideasforge.io\/politica-cookies\/#breadcrumb","itemListElement":[{"@type":"ListItem","position":1,"name":"Portada","item":"https:\/\/ideasforge.io\/"},{"@type":"ListItem","position":2,"name":"Pol\u00edtica de Cookies"}]},{"@type":"WebSite","@id":"https:\/\/ideasforge.io\/#website","url":"https:\/\/ideasforge.io\/","name":"Ideasforge","description":"Generative AI solutions for businesses","potentialAction":[{"@type":"SearchAction","target":{"@type":"EntryPoint","urlTemplate":"https:\/\/ideasforge.io\/?s={search_term_string}"},"query-input":{"@type":"PropertyValueSpecification","valueRequired":true,"valueName":"search_term_string"}}],"inLanguage":"en-US"}]}},"_links":{"self":[{"href":"https:\/\/ideasforge.io\/en\/wp-json\/wp\/v2\/pages\/189","targetHints":{"allow":["GET"]}}],"collection":[{"href":"https:\/\/ideasforge.io\/en\/wp-json\/wp\/v2\/pages"}],"about":[{"href":"https:\/\/ideasforge.io\/en\/wp-json\/wp\/v2\/types\/page"}],"author":[{"embeddable":true,"href":"https:\/\/ideasforge.io\/en\/wp-json\/wp\/v2\/users\/1"}],"replies":[{"embeddable":true,"href":"https:\/\/ideasforge.io\/en\/wp-json\/wp\/v2\/comments?post=189"}],"version-history":[{"count":4,"href":"https:\/\/ideasforge.io\/en\/wp-json\/wp\/v2\/pages\/189\/revisions"}],"predecessor-version":[{"id":199,"href":"https:\/\/ideasforge.io\/en\/wp-json\/wp\/v2\/pages\/189\/revisions\/199"}],"wp:attachment":[{"href":"https:\/\/ideasforge.io\/en\/wp-json\/wp\/v2\/media?parent=189"}],"curies":[{"name":"wp","href":"https:\/\/api.w.org\/{rel}","templated":true}]}}